{"id":338,"date":"2021-04-06T09:28:34","date_gmt":"2021-04-06T09:28:34","guid":{"rendered":"http:\/\/test.comunicacoltura.com\/?page_id=338"},"modified":"2021-04-09T06:46:34","modified_gmt":"2021-04-09T06:46:34","slug":"note-legali","status":"publish","type":"page","link":"https:\/\/comunicacoltura.com\/it\/note-legali","title":{"rendered":"Note legali"},"content":{"rendered":"\n<p>Si prega di leggere attentamente queste condizioni d&#8217;uso prima di utilizzare questo sito. Accedendo a questo sito, l\u2019utente accetta questi termini e condizioni senza riserve.<\/p>\n\n\n\n<h4 class=\"wp-block-heading\">Editrice del sito web di Comunica Coltura<\/h4>\n\n\n\n<p>Am\u00e9lie Vaidie<br>80 rue Toussaint Louverture &#8211; 49130 Les Ponts de C\u00e9, Francia<br>Tel :\u00a0+ 33 (0)6 22 40 24 94 \/ +39 373 73 25 798<br><a href=\"mailto:amelie.vaidie@comunicacoltura.com\">amelie.vaidie@comunicacoltura.com<\/a><br><a href=\"https:\/\/www.comunicacoltura.com\">https:\/\/www.comunicacoltura.com<\/a><br>SIREN: 89346726600019<br>Partita IVA intracomunitaria : FR34893467266<\/p>\n\n\n\n<h4 class=\"wp-block-heading\">Condizioni d&#8217;uso<\/h4>\n\n\n\n<p>Il sito accessibile dal seguente url: <a href=\"https:\/\/www.comunicacoltura.com\" target=\"_blank\" rel=\"noreferrer noopener\">www.comunicacoltura.com<\/a> \u00e8 gestito in conformit\u00e0 alla legislazione francese. L&#8217;uso di questo sito \u00e8 regolato da questi termini e condizioni.\u00a0Utilizzando il sito, l\u2019utente riconosce di aver letto e accettato queste condizioni, che possono essere modificate in qualsiasi momento e senza preavviso da Am\u00e9lie Vaidie.<\/p>\n\n\n\n<p>Direttrice della pubblicazione e responsabile editoriale: Am\u00e9lie Vaidie<br>80 rue Toussaint Louverture &#8211; 49130 Les Ponts de C\u00e9, Francia<br>Tel:\u00a0+ 33 (0)6 22 40 24 94<br><a href=\"mailto:amelie.vaidie@comunicacoltura.com\">amelie.vaidie@comunicacoltura.com<\/a><br><a href=\"https:\/\/www.comunicacoltura.com\">https:\/\/www.comunicacoltura.com<\/a><\/p>\n\n\n\n<h4 class=\"wp-block-heading\">Limitazione di responsabilit\u00e0<\/h4>\n\n\n\n<p>Le informazioni contenute in questo sito sono il pi\u00f9 accurate possibile e il sito viene periodicamente aggiornato, tuttavia pu\u00f2 contenere imprecisioni, omissioni o lacune. Nel caso in cui l\u2019utente noti una lacuna, un errore o un possibile malfunzionamento, \u00e8 pregato di segnalarlo via&nbsp;<a href=\"https:\/\/www.comunicacoltura.com\/contact\">e-mail<\/a>&nbsp;descrivendo il problema nel modo pi\u00f9 preciso possibile (pagina che causa il problema, azione scatenante, tipo di computer e browser utilizzato, ecc.).<br><br>L\u2019utente si assume il rischio e la responsabilit\u00e0 di qualsiasi download di contenuti dal sito. Di conseguenza, Comunica Coltura non pu\u00f2 essere ritenuta responsabile di eventuali danni al computer dell&#8217;utente o della perdita di dati derivanti dal download.<\/p>\n\n\n\n<p>Comunica Coltura non pu\u00f2 essere ritenuta responsabile dei collegamenti ipertestuali inseriti su questo sito che rimandano ad altre risorse presenti su Internet.<\/p>\n\n\n\n<h4 class=\"wp-block-heading\">Giurisdizione<\/h4>\n\n\n\n<p>Le presenti condizioni sono regolate dalla legge francese e qualsiasi controversia o contenzioso che possa derivare dalla loro interpretazione o applicazione sar\u00e0 di competenza esclusiva dei tribunali da cui dipende la sede legale dell\u2019impresa individuale Comunica Coltura di Am\u00e9lie Vaidie. La lingua di riferimento per la risoluzione di eventuali controversie \u00e8 il francese.<\/p>\n\n\n\n<h4 class=\"wp-block-heading\">Diritto di accesso<\/h4>\n\n\n\n<p>In conformit\u00e0 con questa legge, gli utenti hanno il diritto di accesso, rettifica, modifica e cancellazione dei dati che li riguardano personalmente. Questo diritto pu\u00f2 essere esercitato tramite invio postale a Am\u00e9lie Vaidie, 80 rue Toussaint Louverture, 49130 &#8211; Les Ponts de C\u00e9 o per e-mail al seguente indirizzo:\u00a0<a href=\"mailto:amelie.vaidie@comunicacoltura.com\">amelie.vaidie@comunicacoltura.com<\/a><br>Le informazioni personali raccolte non vengono cedute a terzi in nessun caso.<\/p>\n\n\n\n<h4 class=\"wp-block-heading\">Privacy<\/h4>\n\n\n\n<p>I dati personali degli utenti sono riservati e non saranno trasmessi a terzi.<\/p>\n\n\n\n<h4 class=\"wp-block-heading\">Propriet\u00e0 intellettuale<\/h4>\n\n\n\n<p>Tutti i contenuti di questo sito, compresi (ma non limitati a) grafiche, immagini, testi, video, animazioni, suoni, loghi, gif e icone, cos\u00ec come il loro layout, sono di propriet\u00e0 esclusiva di Comunica Coltura.<br>Qualsiasi riproduzione, distribuzione, modifica, adattamento, ritrasmissione o pubblicazione, anche parziale, di questi elementi \u00e8 severamente vietata senza il consenso scritto esplicito di Am\u00e9lie Vaidie. Questa rappresentazione o riproduzione, con qualsiasi mezzo, costituisce una violazione punita dagli articoli L.335-2 e seguenti del Codice francese della Propriet\u00e0 Intellettuale. Il mancato rispetto di questo divieto costituisce una violazione che pu\u00f2 implicare la responsabilit\u00e0 civile e penale del trasgressore. Inoltre, i proprietari del Contenuto copiato possono intraprendere azioni legali nei confronti del trasgressore.<\/p>\n\n\n\n<p>Comunica Coltura \u00e8 inoltre titolare dei \u201cdiritti dei produttori di banche dati\u201d di cui al Libro III, Titolo IV del Codice francese della Propriet\u00e0 Intellettuale (legge n. 98-536 del 1\u00b0 luglio 1998) relativo al diritto d&#8217;autore e alle banche dati.<br><br>Gli utenti e i visitatori del sito possono impostare un collegamento ipertestuale a questo sito o a una pagina del blog, accessibile al seguente URL: <a href=\"https:\/\/www.comunicacoltura.com\" target=\"_blank\" rel=\"noreferrer noopener\">www.comunicacoltura.com<\/a>. Per qualsiasi richiesta di autorizzazioni o informazioni, si prega di contattare via e-mail: <a href=\"mailto:amelie.vaidie@comunicacoltura.com\">amelie.vaidie@comunicacoltura.com<\/a>.<\/p>\n\n\n\n<h4 class=\"wp-block-heading\">Hosting provider<\/h4>\n\n\n\n<p>Ionos 1&amp;1<br>Piattaforma di creazione e gestione di siti web<br>7, place de la Gare, BP 70109, 57200 Sarreguemines Cedex, 431 303 775 RCS Sarreguemines<br>Tel: 0970 808 911,<br>e-mail: <a href=\"mailto:info@IONOS.fr\" target=\"_blank\" rel=\"noreferrer noopener\">info@IONOS.fr<\/a><\/p>\n\n\n\n<h4 class=\"wp-block-heading\">Termini di servizio<\/h4>\n\n\n\n<p>Questo sito \u00e8 stato sviluppato con CMS WordPress ed \u00e8 proposto nei linguaggi&nbsp;<strong>JavaScript e PHP<\/strong>, per una migliore facilit\u00e0 d&#8217;uso e una grafica pi\u00f9 piacevole, consigliamo di utilizzare browser moderni come Safari, Firefox, Chrome (&#8230;)<\/p>\n\n\n\n<h4 class=\"wp-block-heading\">Informazioni ed eccezione<\/h4>\n\n\n\n<p>Comunica Coltura utilizza tutti i mezzi a sua disposizione per garantire che le informazioni siano affidabili e che il sito web sia sempre aggiornato e attendibile. Comunica Coltura non \u00e8 in alcun modo responsabile dell\u2019utilizzo di queste informazioni e di qualsiasi danno diretto o indiretto che ne possa derivare.<\/p>\n\n\n\n<h4 class=\"wp-block-heading\">Cookie<\/h4>\n\n\n\n<p>A fini statistici e di visualizzazione, questo sito utilizza i cookie. Si tratta di piccoli file di testo immagazzinati sul disco rigido dell\u2019utente per registrare dati tecnici sulla navigazione. Per l\u2019operativit\u00e0 di alcune parti di questo sito \u00e8 necessaria l\u2019accettazione dei cookie.<\/p>\n\n\n\n<h4 class=\"wp-block-heading\">Collegamenti ipertestuali<\/h4>\n\n\n\n<p>Il sito web di Comunica Coltura pu\u00f2 contenere link ad altri siti web o altre risorse disponibili su Internet.<br>Comunica Coltura non ha la facolt\u00e0 di controllare i siti collegati al suo sito web. Comunica Coltura non \u00e8 responsabile della disponibilit\u00e0 di tali siti e fonti esterne, n\u00e9 la garantisce. Non pu\u00f2 essere ritenuta responsabile di eventuali danni, di qualsiasi natura, derivanti dal contenuto di questi siti o fonti esterne, e in particolare dalle informazioni, prodotti o servizi che offrono, o da qualsiasi utilizzo di questi elementi. I rischi associati a questo utilizzo sono completamente a carico dell&#8217;utente, che deve rispettare le loro condizioni d&#8217;uso.<br><br>Nel caso in cui un utente o un visitatore desideri creare un collegamento ipertestuale al sito <a href=\"https:\/\/www.comunicacoltura.com\" target=\"_blank\" rel=\"noreferrer noopener\">www.comunicacoltura.com<\/a>, deve inviare un\u2019e-mail all\u2019indirizzo fornito sul sito per richiedere di creare un collegamento ipertestuale. Comunica Coltura si riserva il diritto di accettare o rifiutare la creazione di un collegamento ipertestuale senza dover giustificare la sua decisione.<\/p>\n\n\n\n<h4 class=\"wp-block-heading\">Ricerca<\/h4>\n\n\n\n<p>Inoltre, il riferimento a un sito web per integrare una ricerca non significa in alcun modo che Comunica Coltura riconosca o accetti alcuna responsabilit\u00e0 per il contenuto o l&#8217;uso di tale sito.<\/p>\n\n\n\n<h4 class=\"wp-block-heading\">Precauzioni per l&#8217;uso<\/h4>\n\n\n\n<p>\u00c8 quindi responsabilit\u00e0 dell\u2019utente prendere le precauzioni necessarie per assicurarsi che ci\u00f2 che sceglie di utilizzare sia privo di errori e di elementi dannosi come virus, trojan, ecc.<\/p>\n\n\n\n<h4 class=\"wp-block-heading\">Responsabilit\u00e0<\/h4>\n\n\n\n<p>Nessun\u2019altra garanzia \u00e8 fornita al cliente, che ha l\u2019obbligo di formulare chiaramente le sue esigenze e ha il dovere di informarsi. Se le informazioni fornite da Comunica Coltura appaiono inesatte, \u00e8 responsabilit\u00e0 del cliente verificare la coerenza o la verosimiglianza dei risultati ottenuti. Comunica Coltura non sar\u00e0 in alcun modo responsabile nei confronti di terzi per l&#8217;uso da parte del cliente delle informazioni o della mancanza di esse contenute nei suoi prodotti, compresi i suoi siti web.<\/p>\n\n\n\n<h4 class=\"wp-block-heading\">Contattaci<\/h4>\n\n\n\n<p>Comunica Coltura \u00e8 a tua disposizione per qualsiasi commento o suggerimento. Puoi scriverci in italiano via e-mail a: <a href=\"mailto:amelie.vaidie@comunicacoltura.com\">amelie.vaidie@comunicacoltura.com<\/a><\/p>\n","protected":false},"excerpt":{"rendered":"<p>Si prega di leggere attentamente queste condizioni d&#8217;uso prima di utilizzare questo sito. Accedendo a questo sito, l\u2019utente accetta questi termini e condizioni senza riserve. Editrice del sito web di Comunica Coltura Am\u00e9lie Vaidie80 rue Toussaint Louverture &#8211; 49130 Les&#8230;<\/p>\n","protected":false},"author":1,"featured_media":0,"parent":0,"menu_order":0,"comment_status":"closed","ping_status":"closed","template":"","meta":{"content-type":"","om_disable_all_campaigns":false,"_monsterinsights_skip_tracking":false,"_monsterinsights_sitenote_active":false,"_monsterinsights_sitenote_note":"","_monsterinsights_sitenote_category":0,"_uf_show_specific_survey":0,"_uf_disable_surveys":false,"footnotes":""},"class_list":["post-338","page","type-page","status-publish","hentry"],"aioseo_notices":[],"_links":{"self":[{"href":"https:\/\/comunicacoltura.com\/it\/wp-json\/wp\/v2\/pages\/338","targetHints":{"allow":["GET"]}}],"collection":[{"href":"https:\/\/comunicacoltura.com\/it\/wp-json\/wp\/v2\/pages"}],"about":[{"href":"https:\/\/comunicacoltura.com\/it\/wp-json\/wp\/v2\/types\/page"}],"author":[{"embeddable":true,"href":"https:\/\/comunicacoltura.com\/it\/wp-json\/wp\/v2\/users\/1"}],"replies":[{"embeddable":true,"href":"https:\/\/comunicacoltura.com\/it\/wp-json\/wp\/v2\/comments?post=338"}],"version-history":[{"count":3,"href":"https:\/\/comunicacoltura.com\/it\/wp-json\/wp\/v2\/pages\/338\/revisions"}],"predecessor-version":[{"id":401,"href":"https:\/\/comunicacoltura.com\/it\/wp-json\/wp\/v2\/pages\/338\/revisions\/401"}],"wp:attachment":[{"href":"https:\/\/comunicacoltura.com\/it\/wp-json\/wp\/v2\/media?parent=338"}],"curies":[{"name":"wp","href":"https:\/\/api.w.org\/{rel}","templated":true}]}}